{"id":1125,"date":"2023-12-01T08:41:40","date_gmt":"2023-12-01T08:41:40","guid":{"rendered":"https:\/\/infokaitse.vdisain.dev\/waste-reception\/"},"modified":"2024-01-23T13:06:47","modified_gmt":"2024-01-23T13:06:47","slug":"waste-reception","status":"publish","type":"page","link":"https:\/\/infokaitse.ee\/en\/waste-reception\/","title":{"rendered":"Waste reception"},"content":{"rendered":"\t\t<div data-elementor-type=\"wp-page\" data-elementor-id=\"1125\" class=\"elementor elementor-1125 elementor-115\" data-elementor-post-type=\"page\">\n\t\t\t\t\t\t<section class=\"elementor-section elementor-top-section elementor-element elementor-element-1a66982 elementor-section-boxed elementor-section-height-default elementor-section-height-default\" data-id=\"1a66982\" data-element_type=\"section\" data-e-type=\"section\" data-settings=\"{&quot;background_background&quot;:&quot;classic&quot;}\">\n\t\t\t\t\t\t<div class=\"elementor-container elementor-column-gap-default\">\n\t\t\t\t\t<div class=\"elementor-column elementor-col-50 elementor-top-column elementor-element elementor-element-af46e44\" data-id=\"af46e44\" data-element_type=\"column\" data-e-type=\"column\">\n\t\t\t<div class=\"elementor-widget-wrap elementor-element-populated\">\n\t\t\t\t\t\t<div class=\"elementor-element elementor-element-7b55fae elementor-widget elementor-widget-heading\" data-id=\"7b55fae\" data-element_type=\"widget\" data-e-type=\"widget\" data-widget_type=\"heading.default\">\n\t\t\t\t<div class=\"elementor-widget-container\">\n\t\t\t\t\t<h2 class=\"elementor-heading-title elementor-size-default\">Waste reception<\/h2>\t\t\t\t<\/div>\n\t\t\t\t<\/div>\n\t\t\t\t\t<\/div>\n\t\t<\/div>\n\t\t\t\t<div class=\"elementor-column elementor-col-50 elementor-top-column elementor-element elementor-element-7d27a14\" data-id=\"7d27a14\" data-element_type=\"column\" data-e-type=\"column\">\n\t\t\t<div class=\"elementor-widget-wrap elementor-element-populated\">\n\t\t\t\t\t\t<div class=\"elementor-element elementor-element-010eb06 elementor-widget elementor-widget-image\" data-id=\"010eb06\" data-element_type=\"widget\" data-e-type=\"widget\" data-widget_type=\"image.default\">\n\t\t\t\t<div class=\"elementor-widget-container\">\n\t\t\t\t\t\t\t\t\t\t\t\t\t\t\t<img fetchpriority=\"high\" decoding=\"async\" width=\"800\" height=\"531\" src=\"https:\/\/infokaitse.ee\/wp-content\/uploads\/2024\/01\/Vanapaberi-kogumine-ja-taaskasutamine-min-1024x680.jpg\" class=\"attachment-large size-large wp-image-1103\" alt=\"\" srcset=\"https:\/\/infokaitse.ee\/wp-content\/uploads\/2024\/01\/Vanapaberi-kogumine-ja-taaskasutamine-min-1024x680.jpg 1024w, https:\/\/infokaitse.ee\/wp-content\/uploads\/2024\/01\/Vanapaberi-kogumine-ja-taaskasutamine-min-300x199.jpg 300w, https:\/\/infokaitse.ee\/wp-content\/uploads\/2024\/01\/Vanapaberi-kogumine-ja-taaskasutamine-min-768x510.jpg 768w, https:\/\/infokaitse.ee\/wp-content\/uploads\/2024\/01\/Vanapaberi-kogumine-ja-taaskasutamine-min-1536x1020.jpg 1536w, https:\/\/infokaitse.ee\/wp-content\/uploads\/2024\/01\/Vanapaberi-kogumine-ja-taaskasutamine-min-2048x1360.jpg 2048w\" sizes=\"(max-width: 800px) 100vw, 800px\" \/>\t\t\t\t\t\t\t\t\t\t\t\t\t\t\t<\/div>\n\t\t\t\t<\/div>\n\t\t\t\t\t<\/div>\n\t\t<\/div>\n\t\t\t\t\t<\/div>\n\t\t<\/section>\n\t\t\t\t<section class=\"elementor-section elementor-top-section elementor-element elementor-element-5acffa5f elementor-section-boxed elementor-section-height-default elementor-section-height-default\" data-id=\"5acffa5f\" data-element_type=\"section\" data-e-type=\"section\">\n\t\t\t\t\t\t<div class=\"elementor-container elementor-column-gap-default\">\n\t\t\t\t\t<div class=\"elementor-column elementor-col-100 elementor-top-column elementor-element elementor-element-161e49d9\" data-id=\"161e49d9\" data-element_type=\"column\" data-e-type=\"column\">\n\t\t\t<div class=\"elementor-widget-wrap elementor-element-populated\">\n\t\t\t\t\t\t<section class=\"elementor-section elementor-inner-section elementor-element elementor-element-48a4f777 elementor-section-boxed elementor-section-height-default elementor-section-height-default\" data-id=\"48a4f777\" data-element_type=\"section\" data-e-type=\"section\">\n\t\t\t\t\t\t<div class=\"elementor-container elementor-column-gap-default\">\n\t\t\t\t\t<div class=\"elementor-column elementor-col-100 elementor-inner-column elementor-element elementor-element-4b14c435\" data-id=\"4b14c435\" data-element_type=\"column\" data-e-type=\"column\">\n\t\t\t<div class=\"elementor-widget-wrap elementor-element-populated\">\n\t\t\t\t\t\t<div class=\"elementor-element elementor-element-e8c6861 elementor-widget elementor-widget-text-editor\" data-id=\"e8c6861\" data-element_type=\"widget\" data-e-type=\"widget\" data-widget_type=\"text-editor.default\">\n\t\t\t\t<div class=\"elementor-widget-container\">\n\t\t\t\t\t\t\t\t\t<p>We offer you a collection box with wooden collars for waste paper collection on EUR basis.<br \/>The collection box can be built up from collars according to the amount of waste paper generated.<br \/>The waste paper collector has a capacity of about 250-300 kg of waste paper.<br \/>Waste paper collector dimensions 80 x 120 x 140 cm<br \/>You can call us on 6 779 700 when this is full.<\/p>\n\t\t\t\t\t\t\t\t<\/div>\n\t\t\t\t<\/div>\n\t\t\t\t<div class=\"elementor-element elementor-element-19353afd elementor-widget elementor-widget-text-editor\" data-id=\"19353afd\" data-element_type=\"widget\" data-e-type=\"widget\" data-widget_type=\"text-editor.default\">\n\t\t\t\t<div class=\"elementor-widget-container\">\n\t\t\t\t\t\t\t\t\t<p><strong>What will be done with the paper?<\/strong><br \/>Collected waste paper is shredded, compressed and recycled.<br \/>It is used to produce new packaging, toilet paper, household paper, etc.<\/p>\n\t\t\t\t\t\t\t\t<\/div>\n\t\t\t\t<\/div>\n\t\t\t\t<div class=\"elementor-element elementor-element-553e8d8 elementor-widget elementor-widget-text-editor\" data-id=\"553e8d8\" data-element_type=\"widget\" data-e-type=\"widget\" data-widget_type=\"text-editor.default\">\n\t\t\t\t<div class=\"elementor-widget-container\">\n\t\t\t\t\t\t\t\t\t<p><strong>Scrap tyres reception<\/strong><br \/>We are the official collection point for scrap tyres of the producer responsibility organisation MT\u00dc Rehviringlus at M\u00f5isa tee 15 \u00c4\u00e4sm\u00e4e.<br \/>A private individual can give us scrap tyres for free up to a maximum of 8 tyres at a time.<br \/>Companies can give us scrap on the basis of a Rehviringlus referral.<br \/>You can apply for a letter of referral for the free transfer of scrap tyres here &#8211;<strong><a href=\"http:\/\/www.rehviringlus.ee\">www.rehviringlus.ee<\/a><\/strong><\/p>\n\t\t\t\t\t\t\t\t<\/div>\n\t\t\t\t<\/div>\n\t\t\t\t<div class=\"elementor-element elementor-element-54ad67f elementor-widget elementor-widget-text-editor\" data-id=\"54ad67f\" data-element_type=\"widget\" data-e-type=\"widget\" data-widget_type=\"text-editor.default\">\n\t\t\t\t<div class=\"elementor-widget-container\">\n\t\t\t\t\t\t\t\t\t<strong>Waste wood reception<\/strong>\n<br>\nWe accept free of charge unpainted wooden packaging, boxes and pallets that do not contain glued laminated wood and plywood.\t\t\t\t\t\t\t\t<\/div>\n\t\t\t\t<\/div>\n\t\t\t\t<div class=\"elementor-element elementor-element-dd30a19 elementor-widget elementor-widget-text-editor\" data-id=\"dd30a19\" data-element_type=\"widget\" data-e-type=\"widget\" data-widget_type=\"text-editor.default\">\n\t\t\t\t<div class=\"elementor-widget-container\">\n\t\t\t\t\t\t\t\t\t<strong>Waste collection:<\/strong> Mon &#8211; Fri 8.30-17.00\n\t\t\t\t\t\t\t\t<\/div>\n\t\t\t\t<\/div>\n\t\t\t\t\t<\/div>\n\t\t<\/div>\n\t\t\t\t\t<\/div>\n\t\t<\/section>\n\t\t\t\t\t<\/div>\n\t\t<\/div>\n\t\t\t\t\t<\/div>\n\t\t<\/section>\n\t\t\t\t<\/div>\n\t\t","protected":false},"excerpt":{"rendered":"<p>We offer you a collection box with wooden collars for waste paper collection on EUR basis.The collection box can be built up from collars according to the amount of waste paper generated.The waste paper collector has a capacity of about 250-300 kg of waste paper.Waste paper collector dimensions 80 x 120 x 140 cmYou can [&hellip;]<\/p>\n","protected":false},"author":1,"featured_media":0,"parent":0,"menu_order":0,"comment_status":"closed","ping_status":"closed","template":"elementor_header_footer","meta":{"inline_featured_image":false,"footnotes":""},"class_list":["post-1125","page","type-page","status-publish","hentry"],"yoast_head":"<!-- This site is optimized with the Yoast SEO plugin v27.4 - https:\/\/yoast.com\/product\/yoast-seo-wordpress\/ -->\n<title>Waste reception - Infokaitse<\/title>\n<meta name=\"robots\" content=\"index, follow, max-snippet:-1, max-image-preview:large, max-video-preview:-1\" \/>\n<link rel=\"canonical\" href=\"https:\/\/infokaitse.ee\/en\/waste-reception\/\" \/>\n<meta property=\"og:locale\" content=\"en_US\" \/>\n<meta property=\"og:type\" content=\"article\" \/>\n<meta property=\"og:title\" content=\"Waste reception - Infokaitse\" \/>\n<meta property=\"og:description\" content=\"We offer you a collection box with wooden collars for waste paper collection on EUR basis.The collection box can be built up from collars according to the amount of waste paper generated.The waste paper collector has a capacity of about 250-300 kg of waste paper.Waste paper collector dimensions 80 x 120 x 140 cmYou can [&hellip;]\" \/>\n<meta property=\"og:url\" content=\"https:\/\/infokaitse.ee\/en\/waste-reception\/\" \/>\n<meta property=\"og:site_name\" content=\"Infokaitse\" \/>\n<meta property=\"article:modified_time\" content=\"2024-01-23T13:06:47+00:00\" \/>\n<meta property=\"og:image\" content=\"https:\/\/infokaitse.ee\/wp-content\/uploads\/2024\/01\/Vanapaberi-kogumine-ja-taaskasutamine-min-1024x680.jpg\" \/>\n<meta name=\"twitter:card\" content=\"summary_large_image\" \/>\n<meta name=\"twitter:label1\" content=\"Est. reading time\" \/>\n\t<meta name=\"twitter:data1\" content=\"1 minute\" \/>\n<script type=\"application\/ld+json\" class=\"yoast-schema-graph\">{\"@context\":\"https:\\\/\\\/schema.org\",\"@graph\":[{\"@type\":\"WebPage\",\"@id\":\"https:\\\/\\\/infokaitse.ee\\\/en\\\/waste-reception\\\/\",\"url\":\"https:\\\/\\\/infokaitse.ee\\\/en\\\/waste-reception\\\/\",\"name\":\"Waste reception - Infokaitse\",\"isPartOf\":{\"@id\":\"https:\\\/\\\/infokaitse.ee\\\/en\\\/#website\"},\"primaryImageOfPage\":{\"@id\":\"https:\\\/\\\/infokaitse.ee\\\/en\\\/waste-reception\\\/#primaryimage\"},\"image\":{\"@id\":\"https:\\\/\\\/infokaitse.ee\\\/en\\\/waste-reception\\\/#primaryimage\"},\"thumbnailUrl\":\"https:\\\/\\\/infokaitse.ee\\\/wp-content\\\/uploads\\\/2024\\\/01\\\/Vanapaberi-kogumine-ja-taaskasutamine-min-1024x680.jpg\",\"datePublished\":\"2023-12-01T08:41:40+00:00\",\"dateModified\":\"2024-01-23T13:06:47+00:00\",\"breadcrumb\":{\"@id\":\"https:\\\/\\\/infokaitse.ee\\\/en\\\/waste-reception\\\/#breadcrumb\"},\"inLanguage\":\"en-US\",\"potentialAction\":[{\"@type\":\"ReadAction\",\"target\":[\"https:\\\/\\\/infokaitse.ee\\\/en\\\/waste-reception\\\/\"]}]},{\"@type\":\"ImageObject\",\"inLanguage\":\"en-US\",\"@id\":\"https:\\\/\\\/infokaitse.ee\\\/en\\\/waste-reception\\\/#primaryimage\",\"url\":\"https:\\\/\\\/infokaitse.ee\\\/wp-content\\\/uploads\\\/2024\\\/01\\\/Vanapaberi-kogumine-ja-taaskasutamine-min-1024x680.jpg\",\"contentUrl\":\"https:\\\/\\\/infokaitse.ee\\\/wp-content\\\/uploads\\\/2024\\\/01\\\/Vanapaberi-kogumine-ja-taaskasutamine-min-1024x680.jpg\"},{\"@type\":\"BreadcrumbList\",\"@id\":\"https:\\\/\\\/infokaitse.ee\\\/en\\\/waste-reception\\\/#breadcrumb\",\"itemListElement\":[{\"@type\":\"ListItem\",\"position\":1,\"name\":\"Home\",\"item\":\"https:\\\/\\\/infokaitse.ee\\\/en\\\/\"},{\"@type\":\"ListItem\",\"position\":2,\"name\":\"Waste reception\"}]},{\"@type\":\"WebSite\",\"@id\":\"https:\\\/\\\/infokaitse.ee\\\/en\\\/#website\",\"url\":\"https:\\\/\\\/infokaitse.ee\\\/en\\\/\",\"name\":\"Infokaitse\",\"description\":\"Hoolime loodusest!\",\"publisher\":{\"@id\":\"https:\\\/\\\/infokaitse.ee\\\/en\\\/#organization\"},\"potentialAction\":[{\"@type\":\"SearchAction\",\"target\":{\"@type\":\"EntryPoint\",\"urlTemplate\":\"https:\\\/\\\/infokaitse.ee\\\/en\\\/?s={search_term_string}\"},\"query-input\":{\"@type\":\"PropertyValueSpecification\",\"valueRequired\":true,\"valueName\":\"search_term_string\"}}],\"inLanguage\":\"en-US\"},{\"@type\":\"Organization\",\"@id\":\"https:\\\/\\\/infokaitse.ee\\\/en\\\/#organization\",\"name\":\"Infokaitses\u00fcsteemid\",\"url\":\"https:\\\/\\\/infokaitse.ee\\\/en\\\/\",\"logo\":{\"@type\":\"ImageObject\",\"inLanguage\":\"en-US\",\"@id\":\"https:\\\/\\\/infokaitse.ee\\\/en\\\/#\\\/schema\\\/logo\\\/image\\\/\",\"url\":\"https:\\\/\\\/infokaitse.ee\\\/wp-content\\\/uploads\\\/2023\\\/12\\\/infokaitse-logo.png\",\"contentUrl\":\"https:\\\/\\\/infokaitse.ee\\\/wp-content\\\/uploads\\\/2023\\\/12\\\/infokaitse-logo.png\",\"width\":500,\"height\":340,\"caption\":\"Infokaitses\u00fcsteemid\"},\"image\":{\"@id\":\"https:\\\/\\\/infokaitse.ee\\\/en\\\/#\\\/schema\\\/logo\\\/image\\\/\"}}]}<\/script>\n<!-- \/ Yoast SEO plugin. -->","yoast_head_json":{"title":"Waste reception - Infokaitse","robots":{"index":"index","follow":"follow","max-snippet":"max-snippet:-1","max-image-preview":"max-image-preview:large","max-video-preview":"max-video-preview:-1"},"canonical":"https:\/\/infokaitse.ee\/en\/waste-reception\/","og_locale":"en_US","og_type":"article","og_title":"Waste reception - Infokaitse","og_description":"We offer you a collection box with wooden collars for waste paper collection on EUR basis.The collection box can be built up from collars according to the amount of waste paper generated.The waste paper collector has a capacity of about 250-300 kg of waste paper.Waste paper collector dimensions 80 x 120 x 140 cmYou can [&hellip;]","og_url":"https:\/\/infokaitse.ee\/en\/waste-reception\/","og_site_name":"Infokaitse","article_modified_time":"2024-01-23T13:06:47+00:00","og_image":[{"url":"https:\/\/infokaitse.ee\/wp-content\/uploads\/2024\/01\/Vanapaberi-kogumine-ja-taaskasutamine-min-1024x680.jpg","type":"","width":"","height":""}],"twitter_card":"summary_large_image","twitter_misc":{"Est. reading time":"1 minute"},"schema":{"@context":"https:\/\/schema.org","@graph":[{"@type":"WebPage","@id":"https:\/\/infokaitse.ee\/en\/waste-reception\/","url":"https:\/\/infokaitse.ee\/en\/waste-reception\/","name":"Waste reception - Infokaitse","isPartOf":{"@id":"https:\/\/infokaitse.ee\/en\/#website"},"primaryImageOfPage":{"@id":"https:\/\/infokaitse.ee\/en\/waste-reception\/#primaryimage"},"image":{"@id":"https:\/\/infokaitse.ee\/en\/waste-reception\/#primaryimage"},"thumbnailUrl":"https:\/\/infokaitse.ee\/wp-content\/uploads\/2024\/01\/Vanapaberi-kogumine-ja-taaskasutamine-min-1024x680.jpg","datePublished":"2023-12-01T08:41:40+00:00","dateModified":"2024-01-23T13:06:47+00:00","breadcrumb":{"@id":"https:\/\/infokaitse.ee\/en\/waste-reception\/#breadcrumb"},"inLanguage":"en-US","potentialAction":[{"@type":"ReadAction","target":["https:\/\/infokaitse.ee\/en\/waste-reception\/"]}]},{"@type":"ImageObject","inLanguage":"en-US","@id":"https:\/\/infokaitse.ee\/en\/waste-reception\/#primaryimage","url":"https:\/\/infokaitse.ee\/wp-content\/uploads\/2024\/01\/Vanapaberi-kogumine-ja-taaskasutamine-min-1024x680.jpg","contentUrl":"https:\/\/infokaitse.ee\/wp-content\/uploads\/2024\/01\/Vanapaberi-kogumine-ja-taaskasutamine-min-1024x680.jpg"},{"@type":"BreadcrumbList","@id":"https:\/\/infokaitse.ee\/en\/waste-reception\/#breadcrumb","itemListElement":[{"@type":"ListItem","position":1,"name":"Home","item":"https:\/\/infokaitse.ee\/en\/"},{"@type":"ListItem","position":2,"name":"Waste reception"}]},{"@type":"WebSite","@id":"https:\/\/infokaitse.ee\/en\/#website","url":"https:\/\/infokaitse.ee\/en\/","name":"Infokaitse","description":"Hoolime loodusest!","publisher":{"@id":"https:\/\/infokaitse.ee\/en\/#organization"},"potentialAction":[{"@type":"SearchAction","target":{"@type":"EntryPoint","urlTemplate":"https:\/\/infokaitse.ee\/en\/?s={search_term_string}"},"query-input":{"@type":"PropertyValueSpecification","valueRequired":true,"valueName":"search_term_string"}}],"inLanguage":"en-US"},{"@type":"Organization","@id":"https:\/\/infokaitse.ee\/en\/#organization","name":"Infokaitses\u00fcsteemid","url":"https:\/\/infokaitse.ee\/en\/","logo":{"@type":"ImageObject","inLanguage":"en-US","@id":"https:\/\/infokaitse.ee\/en\/#\/schema\/logo\/image\/","url":"https:\/\/infokaitse.ee\/wp-content\/uploads\/2023\/12\/infokaitse-logo.png","contentUrl":"https:\/\/infokaitse.ee\/wp-content\/uploads\/2023\/12\/infokaitse-logo.png","width":500,"height":340,"caption":"Infokaitses\u00fcsteemid"},"image":{"@id":"https:\/\/infokaitse.ee\/en\/#\/schema\/logo\/image\/"}}]}},"_links":{"self":[{"href":"https:\/\/infokaitse.ee\/en\/wp-json\/wp\/v2\/pages\/1125","targetHints":{"allow":["GET"]}}],"collection":[{"href":"https:\/\/infokaitse.ee\/en\/wp-json\/wp\/v2\/pages"}],"about":[{"href":"https:\/\/infokaitse.ee\/en\/wp-json\/wp\/v2\/types\/page"}],"author":[{"embeddable":true,"href":"https:\/\/infokaitse.ee\/en\/wp-json\/wp\/v2\/users\/1"}],"replies":[{"embeddable":true,"href":"https:\/\/infokaitse.ee\/en\/wp-json\/wp\/v2\/comments?post=1125"}],"version-history":[{"count":3,"href":"https:\/\/infokaitse.ee\/en\/wp-json\/wp\/v2\/pages\/1125\/revisions"}],"predecessor-version":[{"id":1128,"href":"https:\/\/infokaitse.ee\/en\/wp-json\/wp\/v2\/pages\/1125\/revisions\/1128"}],"wp:attachment":[{"href":"https:\/\/infokaitse.ee\/en\/wp-json\/wp\/v2\/media?parent=1125"}],"curies":[{"name":"wp","href":"https:\/\/api.w.org\/{rel}","templated":true}]}}