{"id":1183,"date":"2023-12-01T08:41:40","date_gmt":"2023-12-01T08:41:40","guid":{"rendered":"https:\/\/infokaitse.vdisain.dev\/%d0%bf%d1%80%d0%b8%d0%b5%d0%bc-%d0%be%d1%82%d1%85%d0%be%d0%b4%d0%be%d0%b2\/"},"modified":"2024-01-23T13:26:48","modified_gmt":"2024-01-23T13:26:48","slug":"priem-othodov","status":"publish","type":"page","link":"https:\/\/infokaitse.ee\/ru\/priem-othodov\/","title":{"rendered":"\u041f\u0440\u0438\u0435\u043c \u043e\u0442\u0445\u043e\u0434\u043e\u0432"},"content":{"rendered":"\t\t<div data-elementor-type=\"wp-page\" data-elementor-id=\"1183\" class=\"elementor elementor-1183 elementor-115\" data-elementor-post-type=\"page\">\n\t\t\t\t\t\t<section class=\"elementor-section elementor-top-section elementor-element elementor-element-1a66982 elementor-section-boxed elementor-section-height-default elementor-section-height-default\" data-id=\"1a66982\" data-element_type=\"section\" data-e-type=\"section\" data-settings=\"{&quot;background_background&quot;:&quot;classic&quot;}\">\n\t\t\t\t\t\t<div class=\"elementor-container elementor-column-gap-default\">\n\t\t\t\t\t<div class=\"elementor-column elementor-col-50 elementor-top-column elementor-element elementor-element-af46e44\" data-id=\"af46e44\" data-element_type=\"column\" data-e-type=\"column\">\n\t\t\t<div class=\"elementor-widget-wrap elementor-element-populated\">\n\t\t\t\t\t\t<div class=\"elementor-element elementor-element-7b55fae elementor-widget elementor-widget-heading\" data-id=\"7b55fae\" data-element_type=\"widget\" data-e-type=\"widget\" data-widget_type=\"heading.default\">\n\t\t\t\t<div class=\"elementor-widget-container\">\n\t\t\t\t\t<h2 class=\"elementor-heading-title elementor-size-default\">\u041f\u0440\u0438\u0435\u043c \u043e\u0442\u0445\u043e\u0434\u043e\u0432<\/h2>\t\t\t\t<\/div>\n\t\t\t\t<\/div>\n\t\t\t\t\t<\/div>\n\t\t<\/div>\n\t\t\t\t<div class=\"elementor-column elementor-col-50 elementor-top-column elementor-element elementor-element-7d27a14\" data-id=\"7d27a14\" data-element_type=\"column\" data-e-type=\"column\">\n\t\t\t<div class=\"elementor-widget-wrap elementor-element-populated\">\n\t\t\t\t\t\t<div class=\"elementor-element elementor-element-010eb06 elementor-widget elementor-widget-image\" data-id=\"010eb06\" data-element_type=\"widget\" data-e-type=\"widget\" data-widget_type=\"image.default\">\n\t\t\t\t<div class=\"elementor-widget-container\">\n\t\t\t\t\t\t\t\t\t\t\t\t\t\t\t<img fetchpriority=\"high\" decoding=\"async\" width=\"800\" height=\"531\" src=\"https:\/\/infokaitse.ee\/wp-content\/uploads\/2024\/01\/Vanapaberi-kogumine-ja-taaskasutamine-min-1024x680.jpg\" class=\"attachment-large size-large wp-image-1104\" alt=\"\" srcset=\"https:\/\/infokaitse.ee\/wp-content\/uploads\/2024\/01\/Vanapaberi-kogumine-ja-taaskasutamine-min-1024x680.jpg 1024w, https:\/\/infokaitse.ee\/wp-content\/uploads\/2024\/01\/Vanapaberi-kogumine-ja-taaskasutamine-min-300x199.jpg 300w, https:\/\/infokaitse.ee\/wp-content\/uploads\/2024\/01\/Vanapaberi-kogumine-ja-taaskasutamine-min-768x510.jpg 768w, https:\/\/infokaitse.ee\/wp-content\/uploads\/2024\/01\/Vanapaberi-kogumine-ja-taaskasutamine-min-1536x1020.jpg 1536w, https:\/\/infokaitse.ee\/wp-content\/uploads\/2024\/01\/Vanapaberi-kogumine-ja-taaskasutamine-min-2048x1360.jpg 2048w\" sizes=\"(max-width: 800px) 100vw, 800px\" \/>\t\t\t\t\t\t\t\t\t\t\t\t\t\t\t<\/div>\n\t\t\t\t<\/div>\n\t\t\t\t\t<\/div>\n\t\t<\/div>\n\t\t\t\t\t<\/div>\n\t\t<\/section>\n\t\t\t\t<section class=\"elementor-section elementor-top-section elementor-element elementor-element-5acffa5f elementor-section-boxed elementor-section-height-default elementor-section-height-default\" data-id=\"5acffa5f\" data-element_type=\"section\" data-e-type=\"section\">\n\t\t\t\t\t\t<div class=\"elementor-container elementor-column-gap-default\">\n\t\t\t\t\t<div class=\"elementor-column elementor-col-100 elementor-top-column elementor-element elementor-element-161e49d9\" data-id=\"161e49d9\" data-element_type=\"column\" data-e-type=\"column\">\n\t\t\t<div class=\"elementor-widget-wrap elementor-element-populated\">\n\t\t\t\t\t\t<section class=\"elementor-section elementor-inner-section elementor-element elementor-element-48a4f777 elementor-section-boxed elementor-section-height-default elementor-section-height-default\" data-id=\"48a4f777\" data-element_type=\"section\" data-e-type=\"section\">\n\t\t\t\t\t\t<div class=\"elementor-container elementor-column-gap-default\">\n\t\t\t\t\t<div class=\"elementor-column elementor-col-100 elementor-inner-column elementor-element elementor-element-4b14c435\" data-id=\"4b14c435\" data-element_type=\"column\" data-e-type=\"column\">\n\t\t\t<div class=\"elementor-widget-wrap elementor-element-populated\">\n\t\t\t\t\t\t<div class=\"elementor-element elementor-element-e8c6861 elementor-widget elementor-widget-text-editor\" data-id=\"e8c6861\" data-element_type=\"widget\" data-e-type=\"widget\" data-widget_type=\"text-editor.default\">\n\t\t\t\t<div class=\"elementor-widget-container\">\n\t\t\t\t\t\t\t\t\t<p>\u041c\u044b \u043f\u0440\u0435\u0434\u043b\u0430\u0433\u0430\u0435\u043c \u0432\u0430\u043c \u044f\u0449\u0438\u043a \u0434\u043b\u044f \u0441\u0431\u043e\u0440\u0430 \u043c\u0430\u043a\u0443\u043b\u0430\u0442\u0443\u0440\u044b \u0441 \u0434\u0435\u0440\u0435\u0432\u044f\u043d\u043d\u044b\u043c\u0438 \u0440\u0443\u0447\u043a\u0430\u043c\u0438 \u043d\u0430 \u043e\u0441\u043d\u043e\u0432\u0435 EUR.<br \/>\u0412 \u0437\u0430\u0432\u0438\u0441\u0438\u043c\u043e\u0441\u0442\u0438 \u043e\u0442 \u043a\u043e\u043b\u0438\u0447\u0435\u0441\u0442\u0432\u0430 \u043e\u0431\u0440\u0430\u0437\u0443\u044e\u0449\u0435\u0439\u0441\u044f \u043c\u0430\u043a\u0443\u043b\u0430\u0442\u0443\u0440\u044b \u044f\u0449\u0438\u043a \u0434\u043b\u044f \u0441\u0431\u043e\u0440\u0430 \u043e\u0442\u0445\u043e\u0434\u043e\u0432 \u043c\u043e\u0436\u0435\u0442 \u0431\u044b\u0442\u044c \u0441\u043e\u0441\u0442\u0430\u0432\u043b\u0435\u043d \u0438\u0437 \u0445\u043e\u043c\u0443\u0442\u043e\u0432.<br \/>\u0412\u043c\u0435\u0441\u0442\u0438\u043c\u043e\u0441\u0442\u044c \u043c\u0430\u043a\u0443\u043b\u0430\u0442\u0443\u0440\u043d\u043e\u0433\u043e \u043a\u043e\u043d\u0442\u0435\u0439\u043d\u0435\u0440\u0430 \u0441\u043e\u0441\u0442\u0430\u0432\u043b\u044f\u0435\u0442 \u043e\u043a\u043e\u043b\u043e 250-300 \u043a\u0433 \u043c\u0430\u043a\u0443\u043b\u0430\u0442\u0443\u0440\u044b.<br \/>\u0420\u0430\u0437\u043c\u0435\u0440\u044b \u0441\u0431\u043e\u0440\u043d\u0438\u043a\u0430 \u0434\u043b\u044f \u043c\u0430\u043a\u0443\u043b\u0430\u0442\u0443\u0440\u044b 80 x 120 x 140 \u0441\u043c<br \/>\u0412\u044b \u043c\u043e\u0436\u0435\u0442\u0435 \u043f\u043e\u0437\u0432\u043e\u043d\u0438\u0442\u044c \u043d\u0430\u043c \u043f\u043e \u0442\u0435\u043b\u0435\u0444\u043e\u043d\u0443 6 779 700, \u0435\u0441\u043b\u0438 \u043e\u043d \u0437\u0430\u043f\u043e\u043b\u043d\u0435\u043d.<\/p>\n\t\t\t\t\t\t\t\t<\/div>\n\t\t\t\t<\/div>\n\t\t\t\t<div class=\"elementor-element elementor-element-19353afd elementor-widget elementor-widget-text-editor\" data-id=\"19353afd\" data-element_type=\"widget\" data-e-type=\"widget\" data-widget_type=\"text-editor.default\">\n\t\t\t\t<div class=\"elementor-widget-container\">\n\t\t\t\t\t\t\t\t\t<p><strong>\u0427\u0442\u043e \u0431\u0443\u0434\u0435\u0442 \u0441\u0434\u0435\u043b\u0430\u043d\u043e \u0441 \u0431\u0443\u043c\u0430\u0433\u043e\u0439?<\/strong><br \/>\u0421\u043e\u0431\u0440\u0430\u043d\u043d\u0430\u044f \u043c\u0430\u043a\u0443\u043b\u0430\u0442\u0443\u0440\u0430 \u0438\u0437\u043c\u0435\u043b\u044c\u0447\u0430\u0435\u0442\u0441\u044f, \u043f\u0440\u0435\u0441\u0441\u0443\u0435\u0442\u0441\u044f \u0438 \u043f\u0435\u0440\u0435\u0440\u0430\u0431\u0430\u0442\u044b\u0432\u0430\u0435\u0442\u0441\u044f.<br \/>\u0418\u0437 \u043d\u0435\u0433\u043e \u0438\u0437\u0433\u043e\u0442\u0430\u0432\u043b\u0438\u0432\u0430\u044e\u0442 \u043d\u043e\u0432\u0443\u044e \u0443\u043f\u0430\u043a\u043e\u0432\u043a\u0443, \u0442\u0443\u0430\u043b\u0435\u0442\u043d\u0443\u044e \u0431\u0443\u043c\u0430\u0433\u0443, \u0445\u043e\u0437\u044f\u0439\u0441\u0442\u0432\u0435\u043d\u043d\u0443\u044e \u0431\u0443\u043c\u0430\u0433\u0443 \u0438 \u0442.\u0434.<\/p>\n\t\t\t\t\t\t\t\t<\/div>\n\t\t\t\t<\/div>\n\t\t\t\t<div class=\"elementor-element elementor-element-553e8d8 elementor-widget elementor-widget-text-editor\" data-id=\"553e8d8\" data-element_type=\"widget\" data-e-type=\"widget\" data-widget_type=\"text-editor.default\">\n\t\t\t\t<div class=\"elementor-widget-container\">\n\t\t\t\t\t\t\t\t\t<p><strong>\u041f\u0440\u0438\u0435\u043c \u043b\u043e\u043c\u0430 \u0448\u0438\u043d<\/strong><br \/>\u041c\u044b \u044f\u0432\u043b\u044f\u0435\u043c\u0441\u044f \u043e\u0444\u0438\u0446\u0438\u0430\u043b\u044c\u043d\u044b\u043c \u043f\u0443\u043d\u043a\u0442\u043e\u043c \u043f\u0440\u0438\u0435\u043c\u0430 \u043b\u043e\u043c\u0430 \u0448\u0438\u043d \u043e\u0440\u0433\u0430\u043d\u0438\u0437\u0430\u0446\u0438\u0438 \u043f\u043e \u043e\u0442\u0432\u0435\u0442\u0441\u0442\u0432\u0435\u043d\u043d\u043e\u0441\u0442\u0438 \u043f\u0440\u043e\u0438\u0437\u0432\u043e\u0434\u0438\u0442\u0435\u043b\u0435\u0439 MT\u00dc Rehviringlus \u043d\u0430 \u041c\u044b\u0439\u0441\u0430 \u0442\u0435\u044d 15 \u00c4\u00e4sm\u00e4e.<br \/>\u0427\u0430\u0441\u0442\u043d\u043e\u0435 \u043b\u0438\u0446\u043e \u043c\u043e\u0436\u0435\u0442 \u0441\u0434\u0430\u0442\u044c \u043d\u0430\u043c \u0431\u0435\u0441\u043f\u043b\u0430\u0442\u043d\u043e \u043d\u0435 \u0431\u043e\u043b\u0435\u0435 8 \u0448\u0438\u043d \u0437\u0430 \u0440\u0430\u0437.<br \/>\u041a\u043e\u043c\u043f\u0430\u043d\u0438\u0438 \u043c\u043e\u0433\u0443\u0442 \u043f\u0440\u0435\u0434\u043e\u0441\u0442\u0430\u0432\u0438\u0442\u044c \u043d\u0430\u043c \u043b\u043e\u043c \u043d\u0430 \u043e\u0441\u043d\u043e\u0432\u0430\u043d\u0438\u0438 \u043d\u0430\u043f\u0440\u0430\u0432\u043b\u0435\u043d\u0438\u044f Rehviringlus.<br \/>\u0412\u044b \u043c\u043e\u0436\u0435\u0442\u0435 \u043f\u043e\u0434\u0430\u0442\u044c \u0437\u0430\u044f\u0432\u043a\u0443 \u043d\u0430 \u043f\u043e\u043b\u0443\u0447\u0435\u043d\u0438\u0435 \u043f\u0438\u0441\u044c\u043c\u0430-\u043d\u0430\u043f\u0440\u0430\u0432\u043b\u0435\u043d\u0438\u044f \u0434\u043b\u044f \u0431\u0435\u0441\u043f\u043b\u0430\u0442\u043d\u043e\u0439 \u043f\u0435\u0440\u0435\u0434\u0430\u0447\u0438 \u0432\u0430\u0448\u0435\u0433\u043e \u043b\u043e\u043c\u0430 \u0437\u0434\u0435\u0441\u044c &#8212; &#8230;<strong><a href=\"http:\/\/www.rehviringlus.ee\">www.rehviringlus.ee<\/a><\/strong><\/p>\n\t\t\t\t\t\t\t\t<\/div>\n\t\t\t\t<\/div>\n\t\t\t\t<div class=\"elementor-element elementor-element-54ad67f elementor-widget elementor-widget-text-editor\" data-id=\"54ad67f\" data-element_type=\"widget\" data-e-type=\"widget\" data-widget_type=\"text-editor.default\">\n\t\t\t\t<div class=\"elementor-widget-container\">\n\t\t\t\t\t\t\t\t\t<strong>\u041f\u0440\u0438\u0435\u043c \u0434\u0440\u0435\u0432\u0435\u0441\u043d\u044b\u0445 \u043e\u0442\u0445\u043e\u0434\u043e\u0432<\/strong>\n<br>\n\u041c\u044b \u0431\u0435\u0441\u043f\u043b\u0430\u0442\u043d\u043e \u043f\u0440\u0438\u043d\u0438\u043c\u0430\u0435\u043c \u043d\u0435\u043e\u043a\u0440\u0430\u0448\u0435\u043d\u043d\u0443\u044e \u0434\u0435\u0440\u0435\u0432\u044f\u043d\u043d\u0443\u044e \u0443\u043f\u0430\u043a\u043e\u0432\u043a\u0443, \u043a\u043e\u0440\u043e\u0431\u043a\u0438 \u0438 \u043f\u043e\u0434\u0434\u043e\u043d\u044b, \u043d\u0435 \u0441\u043e\u0434\u0435\u0440\u0436\u0430\u0449\u0438\u0435 \u043a\u043b\u0435\u0435\u043d\u043e\u0439 \u0434\u0440\u0435\u0432\u0435\u0441\u0438\u043d\u044b \u0438 \u0444\u0430\u043d\u0435\u0440\u044b.\t\t\t\t\t\t\t\t<\/div>\n\t\t\t\t<\/div>\n\t\t\t\t<div class=\"elementor-element elementor-element-dd30a19 elementor-widget elementor-widget-text-editor\" data-id=\"dd30a19\" data-element_type=\"widget\" data-e-type=\"widget\" data-widget_type=\"text-editor.default\">\n\t\t\t\t<div class=\"elementor-widget-container\">\n\t\t\t\t\t\t\t\t\t<strong>\u0421\u0431\u043e\u0440 \u043e\u0442\u0445\u043e\u0434\u043e\u0432:<\/strong> \u043f\u043d &#8212; \u043f\u0442 8.30-17.00\n\t\t\t\t\t\t\t\t<\/div>\n\t\t\t\t<\/div>\n\t\t\t\t\t<\/div>\n\t\t<\/div>\n\t\t\t\t\t<\/div>\n\t\t<\/section>\n\t\t\t\t\t<\/div>\n\t\t<\/div>\n\t\t\t\t\t<\/div>\n\t\t<\/section>\n\t\t\t\t<\/div>\n\t\t","protected":false},"excerpt":{"rendered":"<p>\u041c\u044b \u043f\u0440\u0435\u0434\u043b\u0430\u0433\u0430\u0435\u043c \u0432\u0430\u043c \u044f\u0449\u0438\u043a \u0434\u043b\u044f \u0441\u0431\u043e\u0440\u0430 \u043c\u0430\u043a\u0443\u043b\u0430\u0442\u0443\u0440\u044b \u0441 \u0434\u0435\u0440\u0435\u0432\u044f\u043d\u043d\u044b\u043c\u0438 \u0440\u0443\u0447\u043a\u0430\u043c\u0438 \u043d\u0430 \u043e\u0441\u043d\u043e\u0432\u0435 EUR.\u0412 \u0437\u0430\u0432\u0438\u0441\u0438\u043c\u043e\u0441\u0442\u0438 \u043e\u0442 \u043a\u043e\u043b\u0438\u0447\u0435\u0441\u0442\u0432\u0430 \u043e\u0431\u0440\u0430\u0437\u0443\u044e\u0449\u0435\u0439\u0441\u044f \u043c\u0430\u043a\u0443\u043b\u0430\u0442\u0443\u0440\u044b \u044f\u0449\u0438\u043a \u0434\u043b\u044f \u0441\u0431\u043e\u0440\u0430 \u043e\u0442\u0445\u043e\u0434\u043e\u0432 \u043c\u043e\u0436\u0435\u0442 \u0431\u044b\u0442\u044c \u0441\u043e\u0441\u0442\u0430\u0432\u043b\u0435\u043d \u0438\u0437 \u0445\u043e\u043c\u0443\u0442\u043e\u0432.\u0412\u043c\u0435\u0441\u0442\u0438\u043c\u043e\u0441\u0442\u044c \u043c\u0430\u043a\u0443\u043b\u0430\u0442\u0443\u0440\u043d\u043e\u0433\u043e \u043a\u043e\u043d\u0442\u0435\u0439\u043d\u0435\u0440\u0430 \u0441\u043e\u0441\u0442\u0430\u0432\u043b\u044f\u0435\u0442 \u043e\u043a\u043e\u043b\u043e 250-300 \u043a\u0433 \u043c\u0430\u043a\u0443\u043b\u0430\u0442\u0443\u0440\u044b.\u0420\u0430\u0437\u043c\u0435\u0440\u044b \u0441\u0431\u043e\u0440\u043d\u0438\u043a\u0430 \u0434\u043b\u044f \u043c\u0430\u043a\u0443\u043b\u0430\u0442\u0443\u0440\u044b 80 x 120 x 140 \u0441\u043c\u0412\u044b \u043c\u043e\u0436\u0435\u0442\u0435 \u043f\u043e\u0437\u0432\u043e\u043d\u0438\u0442\u044c \u043d\u0430\u043c \u043f\u043e \u0442\u0435\u043b\u0435\u0444\u043e\u043d\u0443 6 779 700, \u0435\u0441\u043b\u0438 \u043e\u043d \u0437\u0430\u043f\u043e\u043b\u043d\u0435\u043d. \u0427\u0442\u043e [&hellip;]<\/p>\n","protected":false},"author":1,"featured_media":0,"parent":0,"menu_order":0,"comment_status":"closed","ping_status":"closed","template":"elementor_header_footer","meta":{"inline_featured_image":false,"footnotes":""},"class_list":["post-1183","page","type-page","status-publish","hentry"],"yoast_head":"<!-- This site is optimized with the Yoast SEO plugin v27.4 - https:\/\/yoast.com\/product\/yoast-seo-wordpress\/ -->\n<title>\u041f\u0440\u0438\u0435\u043c \u043e\u0442\u0445\u043e\u0434\u043e\u0432 - Infokaitse<\/title>\n<meta name=\"robots\" content=\"index, follow, max-snippet:-1, max-image-preview:large, max-video-preview:-1\" \/>\n<link rel=\"canonical\" href=\"https:\/\/infokaitse.ee\/ru\/priem-othodov\/\" \/>\n<meta property=\"og:locale\" content=\"ru_RU\" \/>\n<meta property=\"og:type\" content=\"article\" \/>\n<meta property=\"og:title\" content=\"\u041f\u0440\u0438\u0435\u043c \u043e\u0442\u0445\u043e\u0434\u043e\u0432 - Infokaitse\" \/>\n<meta property=\"og:description\" content=\"\u041c\u044b \u043f\u0440\u0435\u0434\u043b\u0430\u0433\u0430\u0435\u043c \u0432\u0430\u043c \u044f\u0449\u0438\u043a \u0434\u043b\u044f \u0441\u0431\u043e\u0440\u0430 \u043c\u0430\u043a\u0443\u043b\u0430\u0442\u0443\u0440\u044b \u0441 \u0434\u0435\u0440\u0435\u0432\u044f\u043d\u043d\u044b\u043c\u0438 \u0440\u0443\u0447\u043a\u0430\u043c\u0438 \u043d\u0430 \u043e\u0441\u043d\u043e\u0432\u0435 EUR.\u0412 \u0437\u0430\u0432\u0438\u0441\u0438\u043c\u043e\u0441\u0442\u0438 \u043e\u0442 \u043a\u043e\u043b\u0438\u0447\u0435\u0441\u0442\u0432\u0430 \u043e\u0431\u0440\u0430\u0437\u0443\u044e\u0449\u0435\u0439\u0441\u044f \u043c\u0430\u043a\u0443\u043b\u0430\u0442\u0443\u0440\u044b \u044f\u0449\u0438\u043a \u0434\u043b\u044f \u0441\u0431\u043e\u0440\u0430 \u043e\u0442\u0445\u043e\u0434\u043e\u0432 \u043c\u043e\u0436\u0435\u0442 \u0431\u044b\u0442\u044c \u0441\u043e\u0441\u0442\u0430\u0432\u043b\u0435\u043d \u0438\u0437 \u0445\u043e\u043c\u0443\u0442\u043e\u0432.\u0412\u043c\u0435\u0441\u0442\u0438\u043c\u043e\u0441\u0442\u044c \u043c\u0430\u043a\u0443\u043b\u0430\u0442\u0443\u0440\u043d\u043e\u0433\u043e \u043a\u043e\u043d\u0442\u0435\u0439\u043d\u0435\u0440\u0430 \u0441\u043e\u0441\u0442\u0430\u0432\u043b\u044f\u0435\u0442 \u043e\u043a\u043e\u043b\u043e 250-300 \u043a\u0433 \u043c\u0430\u043a\u0443\u043b\u0430\u0442\u0443\u0440\u044b.\u0420\u0430\u0437\u043c\u0435\u0440\u044b \u0441\u0431\u043e\u0440\u043d\u0438\u043a\u0430 \u0434\u043b\u044f \u043c\u0430\u043a\u0443\u043b\u0430\u0442\u0443\u0440\u044b 80 x 120 x 140 \u0441\u043c\u0412\u044b \u043c\u043e\u0436\u0435\u0442\u0435 \u043f\u043e\u0437\u0432\u043e\u043d\u0438\u0442\u044c \u043d\u0430\u043c \u043f\u043e \u0442\u0435\u043b\u0435\u0444\u043e\u043d\u0443 6 779 700, \u0435\u0441\u043b\u0438 \u043e\u043d \u0437\u0430\u043f\u043e\u043b\u043d\u0435\u043d. \u0427\u0442\u043e [&hellip;]\" \/>\n<meta property=\"og:url\" content=\"https:\/\/infokaitse.ee\/ru\/priem-othodov\/\" \/>\n<meta property=\"og:site_name\" content=\"Infokaitse\" \/>\n<meta property=\"article:modified_time\" content=\"2024-01-23T13:26:48+00:00\" \/>\n<meta property=\"og:image\" content=\"https:\/\/infokaitse.ee\/wp-content\/uploads\/2024\/01\/Vanapaberi-kogumine-ja-taaskasutamine-min-1024x680.jpg\" \/>\n<meta name=\"twitter:card\" content=\"summary_large_image\" \/>\n<script type=\"application\/ld+json\" class=\"yoast-schema-graph\">{\"@context\":\"https:\\\/\\\/schema.org\",\"@graph\":[{\"@type\":\"WebPage\",\"@id\":\"https:\\\/\\\/infokaitse.ee\\\/ru\\\/priem-othodov\\\/\",\"url\":\"https:\\\/\\\/infokaitse.ee\\\/ru\\\/priem-othodov\\\/\",\"name\":\"\u041f\u0440\u0438\u0435\u043c \u043e\u0442\u0445\u043e\u0434\u043e\u0432 - Infokaitse\",\"isPartOf\":{\"@id\":\"https:\\\/\\\/infokaitse.ee\\\/ru\\\/#website\"},\"primaryImageOfPage\":{\"@id\":\"https:\\\/\\\/infokaitse.ee\\\/ru\\\/priem-othodov\\\/#primaryimage\"},\"image\":{\"@id\":\"https:\\\/\\\/infokaitse.ee\\\/ru\\\/priem-othodov\\\/#primaryimage\"},\"thumbnailUrl\":\"https:\\\/\\\/infokaitse.ee\\\/wp-content\\\/uploads\\\/2024\\\/01\\\/Vanapaberi-kogumine-ja-taaskasutamine-min-1024x680.jpg\",\"datePublished\":\"2023-12-01T08:41:40+00:00\",\"dateModified\":\"2024-01-23T13:26:48+00:00\",\"breadcrumb\":{\"@id\":\"https:\\\/\\\/infokaitse.ee\\\/ru\\\/priem-othodov\\\/#breadcrumb\"},\"inLanguage\":\"ru-RU\",\"potentialAction\":[{\"@type\":\"ReadAction\",\"target\":[\"https:\\\/\\\/infokaitse.ee\\\/ru\\\/priem-othodov\\\/\"]}]},{\"@type\":\"ImageObject\",\"inLanguage\":\"ru-RU\",\"@id\":\"https:\\\/\\\/infokaitse.ee\\\/ru\\\/priem-othodov\\\/#primaryimage\",\"url\":\"https:\\\/\\\/infokaitse.ee\\\/wp-content\\\/uploads\\\/2024\\\/01\\\/Vanapaberi-kogumine-ja-taaskasutamine-min-1024x680.jpg\",\"contentUrl\":\"https:\\\/\\\/infokaitse.ee\\\/wp-content\\\/uploads\\\/2024\\\/01\\\/Vanapaberi-kogumine-ja-taaskasutamine-min-1024x680.jpg\"},{\"@type\":\"BreadcrumbList\",\"@id\":\"https:\\\/\\\/infokaitse.ee\\\/ru\\\/priem-othodov\\\/#breadcrumb\",\"itemListElement\":[{\"@type\":\"ListItem\",\"position\":1,\"name\":\"Home\",\"item\":\"https:\\\/\\\/infokaitse.ee\\\/ru\\\/\"},{\"@type\":\"ListItem\",\"position\":2,\"name\":\"\u041f\u0440\u0438\u0435\u043c \u043e\u0442\u0445\u043e\u0434\u043e\u0432\"}]},{\"@type\":\"WebSite\",\"@id\":\"https:\\\/\\\/infokaitse.ee\\\/ru\\\/#website\",\"url\":\"https:\\\/\\\/infokaitse.ee\\\/ru\\\/\",\"name\":\"Infokaitse\",\"description\":\"Hoolime loodusest!\",\"publisher\":{\"@id\":\"https:\\\/\\\/infokaitse.ee\\\/ru\\\/#organization\"},\"potentialAction\":[{\"@type\":\"SearchAction\",\"target\":{\"@type\":\"EntryPoint\",\"urlTemplate\":\"https:\\\/\\\/infokaitse.ee\\\/ru\\\/?s={search_term_string}\"},\"query-input\":{\"@type\":\"PropertyValueSpecification\",\"valueRequired\":true,\"valueName\":\"search_term_string\"}}],\"inLanguage\":\"ru-RU\"},{\"@type\":\"Organization\",\"@id\":\"https:\\\/\\\/infokaitse.ee\\\/ru\\\/#organization\",\"name\":\"Infokaitses\u00fcsteemid\",\"url\":\"https:\\\/\\\/infokaitse.ee\\\/ru\\\/\",\"logo\":{\"@type\":\"ImageObject\",\"inLanguage\":\"ru-RU\",\"@id\":\"https:\\\/\\\/infokaitse.ee\\\/ru\\\/#\\\/schema\\\/logo\\\/image\\\/\",\"url\":\"https:\\\/\\\/infokaitse.ee\\\/wp-content\\\/uploads\\\/2023\\\/12\\\/infokaitse-logo.png\",\"contentUrl\":\"https:\\\/\\\/infokaitse.ee\\\/wp-content\\\/uploads\\\/2023\\\/12\\\/infokaitse-logo.png\",\"width\":500,\"height\":340,\"caption\":\"Infokaitses\u00fcsteemid\"},\"image\":{\"@id\":\"https:\\\/\\\/infokaitse.ee\\\/ru\\\/#\\\/schema\\\/logo\\\/image\\\/\"}}]}<\/script>\n<!-- \/ Yoast SEO plugin. -->","yoast_head_json":{"title":"\u041f\u0440\u0438\u0435\u043c \u043e\u0442\u0445\u043e\u0434\u043e\u0432 - Infokaitse","robots":{"index":"index","follow":"follow","max-snippet":"max-snippet:-1","max-image-preview":"max-image-preview:large","max-video-preview":"max-video-preview:-1"},"canonical":"https:\/\/infokaitse.ee\/ru\/priem-othodov\/","og_locale":"ru_RU","og_type":"article","og_title":"\u041f\u0440\u0438\u0435\u043c \u043e\u0442\u0445\u043e\u0434\u043e\u0432 - Infokaitse","og_description":"\u041c\u044b \u043f\u0440\u0435\u0434\u043b\u0430\u0433\u0430\u0435\u043c \u0432\u0430\u043c \u044f\u0449\u0438\u043a \u0434\u043b\u044f \u0441\u0431\u043e\u0440\u0430 \u043c\u0430\u043a\u0443\u043b\u0430\u0442\u0443\u0440\u044b \u0441 \u0434\u0435\u0440\u0435\u0432\u044f\u043d\u043d\u044b\u043c\u0438 \u0440\u0443\u0447\u043a\u0430\u043c\u0438 \u043d\u0430 \u043e\u0441\u043d\u043e\u0432\u0435 EUR.\u0412 \u0437\u0430\u0432\u0438\u0441\u0438\u043c\u043e\u0441\u0442\u0438 \u043e\u0442 \u043a\u043e\u043b\u0438\u0447\u0435\u0441\u0442\u0432\u0430 \u043e\u0431\u0440\u0430\u0437\u0443\u044e\u0449\u0435\u0439\u0441\u044f \u043c\u0430\u043a\u0443\u043b\u0430\u0442\u0443\u0440\u044b \u044f\u0449\u0438\u043a \u0434\u043b\u044f \u0441\u0431\u043e\u0440\u0430 \u043e\u0442\u0445\u043e\u0434\u043e\u0432 \u043c\u043e\u0436\u0435\u0442 \u0431\u044b\u0442\u044c \u0441\u043e\u0441\u0442\u0430\u0432\u043b\u0435\u043d \u0438\u0437 \u0445\u043e\u043c\u0443\u0442\u043e\u0432.\u0412\u043c\u0435\u0441\u0442\u0438\u043c\u043e\u0441\u0442\u044c \u043c\u0430\u043a\u0443\u043b\u0430\u0442\u0443\u0440\u043d\u043e\u0433\u043e \u043a\u043e\u043d\u0442\u0435\u0439\u043d\u0435\u0440\u0430 \u0441\u043e\u0441\u0442\u0430\u0432\u043b\u044f\u0435\u0442 \u043e\u043a\u043e\u043b\u043e 250-300 \u043a\u0433 \u043c\u0430\u043a\u0443\u043b\u0430\u0442\u0443\u0440\u044b.\u0420\u0430\u0437\u043c\u0435\u0440\u044b \u0441\u0431\u043e\u0440\u043d\u0438\u043a\u0430 \u0434\u043b\u044f \u043c\u0430\u043a\u0443\u043b\u0430\u0442\u0443\u0440\u044b 80 x 120 x 140 \u0441\u043c\u0412\u044b \u043c\u043e\u0436\u0435\u0442\u0435 \u043f\u043e\u0437\u0432\u043e\u043d\u0438\u0442\u044c \u043d\u0430\u043c \u043f\u043e \u0442\u0435\u043b\u0435\u0444\u043e\u043d\u0443 6 779 700, \u0435\u0441\u043b\u0438 \u043e\u043d \u0437\u0430\u043f\u043e\u043b\u043d\u0435\u043d. \u0427\u0442\u043e [&hellip;]","og_url":"https:\/\/infokaitse.ee\/ru\/priem-othodov\/","og_site_name":"Infokaitse","article_modified_time":"2024-01-23T13:26:48+00:00","og_image":[{"url":"https:\/\/infokaitse.ee\/wp-content\/uploads\/2024\/01\/Vanapaberi-kogumine-ja-taaskasutamine-min-1024x680.jpg","type":"","width":"","height":""}],"twitter_card":"summary_large_image","schema":{"@context":"https:\/\/schema.org","@graph":[{"@type":"WebPage","@id":"https:\/\/infokaitse.ee\/ru\/priem-othodov\/","url":"https:\/\/infokaitse.ee\/ru\/priem-othodov\/","name":"\u041f\u0440\u0438\u0435\u043c \u043e\u0442\u0445\u043e\u0434\u043e\u0432 - Infokaitse","isPartOf":{"@id":"https:\/\/infokaitse.ee\/ru\/#website"},"primaryImageOfPage":{"@id":"https:\/\/infokaitse.ee\/ru\/priem-othodov\/#primaryimage"},"image":{"@id":"https:\/\/infokaitse.ee\/ru\/priem-othodov\/#primaryimage"},"thumbnailUrl":"https:\/\/infokaitse.ee\/wp-content\/uploads\/2024\/01\/Vanapaberi-kogumine-ja-taaskasutamine-min-1024x680.jpg","datePublished":"2023-12-01T08:41:40+00:00","dateModified":"2024-01-23T13:26:48+00:00","breadcrumb":{"@id":"https:\/\/infokaitse.ee\/ru\/priem-othodov\/#breadcrumb"},"inLanguage":"ru-RU","potentialAction":[{"@type":"ReadAction","target":["https:\/\/infokaitse.ee\/ru\/priem-othodov\/"]}]},{"@type":"ImageObject","inLanguage":"ru-RU","@id":"https:\/\/infokaitse.ee\/ru\/priem-othodov\/#primaryimage","url":"https:\/\/infokaitse.ee\/wp-content\/uploads\/2024\/01\/Vanapaberi-kogumine-ja-taaskasutamine-min-1024x680.jpg","contentUrl":"https:\/\/infokaitse.ee\/wp-content\/uploads\/2024\/01\/Vanapaberi-kogumine-ja-taaskasutamine-min-1024x680.jpg"},{"@type":"BreadcrumbList","@id":"https:\/\/infokaitse.ee\/ru\/priem-othodov\/#breadcrumb","itemListElement":[{"@type":"ListItem","position":1,"name":"Home","item":"https:\/\/infokaitse.ee\/ru\/"},{"@type":"ListItem","position":2,"name":"\u041f\u0440\u0438\u0435\u043c \u043e\u0442\u0445\u043e\u0434\u043e\u0432"}]},{"@type":"WebSite","@id":"https:\/\/infokaitse.ee\/ru\/#website","url":"https:\/\/infokaitse.ee\/ru\/","name":"Infokaitse","description":"Hoolime loodusest!","publisher":{"@id":"https:\/\/infokaitse.ee\/ru\/#organization"},"potentialAction":[{"@type":"SearchAction","target":{"@type":"EntryPoint","urlTemplate":"https:\/\/infokaitse.ee\/ru\/?s={search_term_string}"},"query-input":{"@type":"PropertyValueSpecification","valueRequired":true,"valueName":"search_term_string"}}],"inLanguage":"ru-RU"},{"@type":"Organization","@id":"https:\/\/infokaitse.ee\/ru\/#organization","name":"Infokaitses\u00fcsteemid","url":"https:\/\/infokaitse.ee\/ru\/","logo":{"@type":"ImageObject","inLanguage":"ru-RU","@id":"https:\/\/infokaitse.ee\/ru\/#\/schema\/logo\/image\/","url":"https:\/\/infokaitse.ee\/wp-content\/uploads\/2023\/12\/infokaitse-logo.png","contentUrl":"https:\/\/infokaitse.ee\/wp-content\/uploads\/2023\/12\/infokaitse-logo.png","width":500,"height":340,"caption":"Infokaitses\u00fcsteemid"},"image":{"@id":"https:\/\/infokaitse.ee\/ru\/#\/schema\/logo\/image\/"}}]}},"_links":{"self":[{"href":"https:\/\/infokaitse.ee\/ru\/wp-json\/wp\/v2\/pages\/1183","targetHints":{"allow":["GET"]}}],"collection":[{"href":"https:\/\/infokaitse.ee\/ru\/wp-json\/wp\/v2\/pages"}],"about":[{"href":"https:\/\/infokaitse.ee\/ru\/wp-json\/wp\/v2\/types\/page"}],"author":[{"embeddable":true,"href":"https:\/\/infokaitse.ee\/ru\/wp-json\/wp\/v2\/users\/1"}],"replies":[{"embeddable":true,"href":"https:\/\/infokaitse.ee\/ru\/wp-json\/wp\/v2\/comments?post=1183"}],"version-history":[{"count":3,"href":"https:\/\/infokaitse.ee\/ru\/wp-json\/wp\/v2\/pages\/1183\/revisions"}],"predecessor-version":[{"id":1186,"href":"https:\/\/infokaitse.ee\/ru\/wp-json\/wp\/v2\/pages\/1183\/revisions\/1186"}],"wp:attachment":[{"href":"https:\/\/infokaitse.ee\/ru\/wp-json\/wp\/v2\/media?parent=1183"}],"curies":[{"name":"wp","href":"https:\/\/api.w.org\/{rel}","templated":true}]}}